{"id":5244,"date":"2022-02-23T10:38:35","date_gmt":"2022-02-23T09:38:35","guid":{"rendered":"https:\/\/www.chaabacar.com\/service\/logan\/"},"modified":"2026-02-25T09:46:11","modified_gmt":"2026-02-25T09:46:11","slug":"logan","status":"publish","type":"product","link":"https:\/\/www.chaabacar.com\/fr\/service\/logan\/","title":{"rendered":"LOGAN"},"content":{"rendered":"","protected":false},"excerpt":{"rendered":"<p>S\u00e9lectionnez votre lieu de livraison et lieu de retour, Date et heure de prise en charge, ainsi que la date et l&rsquo;heure de remise en bas ci-dessous. S\u00e9lectionnez \u00e9galement les ressources n\u00e9cessaires. Si vous avez des questions, n&rsquo;h\u00e9sitez pas \u00e0 <a href=\"https:\/\/www.chaabacar.com\/fr\/contact\/\">nous contacter<\/a>.<\/p>\n","protected":false},"featured_media":5227,"template":"","meta":{"_exactmetrics_skip_tracking":false,"_exactmetrics_sitenote_active":false,"_exactmetrics_sitenote_note":"","_exactmetrics_sitenote_category":0,"_joinchat":[]},"product_brand":[],"product_cat":[178,175],"product_tag":[],"class_list":{"0":"post-5244","1":"product","2":"type-product","3":"status-publish","4":"has-post-thumbnail","6":"product_cat-compact-fr","7":"product_cat-location-de-voitures","9":"first","10":"instock","11":"shipping-taxable","12":"purchasable","13":"product-type-redq_rental"},"yoast_head":"<!-- This site is optimized with the Yoast SEO plugin v27.3 - https:\/\/yoast.com\/product\/yoast-seo-wordpress\/ -->\n<title>LOGAN - Chaaba Car<\/title>\n<meta name=\"robots\" content=\"index, follow, max-snippet:-1, max-image-preview:large, max-video-preview:-1\" \/>\n<link rel=\"canonical\" href=\"https:\/\/www.chaabacar.com\/fr\/service\/logan\/\" \/>\n<meta property=\"og:locale\" content=\"fr_FR\" \/>\n<meta property=\"og:type\" content=\"article\" \/>\n<meta property=\"og:title\" content=\"LOGAN - Chaaba Car\" \/>\n<meta property=\"og:description\" content=\"S\u00e9lectionnez votre lieu de livraison et lieu de retour, Date et heure de prise en charge, ainsi que la date et l&#039;heure de remise en bas ci-dessous. S\u00e9lectionnez \u00e9galement les ressources n\u00e9cessaires. Si vous avez des questions, n&#039;h\u00e9sitez pas \u00e0 nous contacter.\" \/>\n<meta property=\"og:url\" content=\"https:\/\/www.chaabacar.com\/fr\/service\/logan\/\" \/>\n<meta property=\"og:site_name\" content=\"Chaaba Car\" \/>\n<meta property=\"article:publisher\" content=\"https:\/\/www.facebook.com\/Chaaba-Car-Essaouira-Morocco-218781498282057\/\" \/>\n<meta property=\"article:modified_time\" content=\"2026-02-25T09:46:11+00:00\" \/>\n<meta property=\"og:image\" content=\"https:\/\/www.chaabacar.com\/wp-content\/uploads\/2022\/02\/CCCR13-01.jpg\" \/>\n\t<meta property=\"og:image:width\" content=\"800\" \/>\n\t<meta property=\"og:image:height\" content=\"600\" \/>\n\t<meta property=\"og:image:type\" content=\"image\/jpeg\" \/>\n<meta name=\"twitter:card\" content=\"summary_large_image\" \/>\n<meta name=\"twitter:site\" content=\"@ChaabaCar\" \/>\n<meta name=\"twitter:label1\" content=\"Dur\u00e9e de lecture estim\u00e9e\" \/>\n\t<meta name=\"twitter:data1\" content=\"1 minute\" \/>\n<script type=\"application\/ld+json\" class=\"yoast-schema-graph\">{\"@context\":\"https:\\\/\\\/schema.org\",\"@graph\":[{\"@type\":\"WebPage\",\"@id\":\"https:\\\/\\\/www.chaabacar.com\\\/fr\\\/service\\\/logan\\\/\",\"url\":\"https:\\\/\\\/www.chaabacar.com\\\/fr\\\/service\\\/logan\\\/\",\"name\":\"LOGAN - Chaaba Car\",\"isPartOf\":{\"@id\":\"https:\\\/\\\/www.chaabacar.com\\\/fr\\\/#website\"},\"primaryImageOfPage\":{\"@id\":\"https:\\\/\\\/www.chaabacar.com\\\/fr\\\/service\\\/logan\\\/#primaryimage\"},\"image\":{\"@id\":\"https:\\\/\\\/www.chaabacar.com\\\/fr\\\/service\\\/logan\\\/#primaryimage\"},\"thumbnailUrl\":\"https:\\\/\\\/www.chaabacar.com\\\/wp-content\\\/uploads\\\/2022\\\/02\\\/CCCR13-01.jpg\",\"datePublished\":\"2022-02-23T09:38:35+00:00\",\"dateModified\":\"2026-02-25T09:46:11+00:00\",\"breadcrumb\":{\"@id\":\"https:\\\/\\\/www.chaabacar.com\\\/fr\\\/service\\\/logan\\\/#breadcrumb\"},\"inLanguage\":\"fr-FR\",\"potentialAction\":[{\"@type\":\"ReadAction\",\"target\":[\"https:\\\/\\\/www.chaabacar.com\\\/fr\\\/service\\\/logan\\\/\"]}]},{\"@type\":\"ImageObject\",\"inLanguage\":\"fr-FR\",\"@id\":\"https:\\\/\\\/www.chaabacar.com\\\/fr\\\/service\\\/logan\\\/#primaryimage\",\"url\":\"https:\\\/\\\/www.chaabacar.com\\\/wp-content\\\/uploads\\\/2022\\\/02\\\/CCCR13-01.jpg\",\"contentUrl\":\"https:\\\/\\\/www.chaabacar.com\\\/wp-content\\\/uploads\\\/2022\\\/02\\\/CCCR13-01.jpg\",\"width\":800,\"height\":600,\"caption\":\"Chaaba Car\"},{\"@type\":\"BreadcrumbList\",\"@id\":\"https:\\\/\\\/www.chaabacar.com\\\/fr\\\/service\\\/logan\\\/#breadcrumb\",\"itemListElement\":[{\"@type\":\"ListItem\",\"position\":1,\"name\":\"Home\",\"item\":\"https:\\\/\\\/www.chaabacar.com\\\/fr\\\/\"},{\"@type\":\"ListItem\",\"position\":2,\"name\":\"Services\",\"item\":\"https:\\\/\\\/www.chaabacar.com\\\/fr\\\/services\\\/\"},{\"@type\":\"ListItem\",\"position\":3,\"name\":\"LOGAN\"}]},{\"@type\":\"WebSite\",\"@id\":\"https:\\\/\\\/www.chaabacar.com\\\/fr\\\/#website\",\"url\":\"https:\\\/\\\/www.chaabacar.com\\\/fr\\\/\",\"name\":\"Chaaba Car\",\"description\":\"Car Rental Services in Essaouira Morocco\",\"publisher\":{\"@id\":\"https:\\\/\\\/www.chaabacar.com\\\/fr\\\/#organization\"},\"potentialAction\":[{\"@type\":\"SearchAction\",\"target\":{\"@type\":\"EntryPoint\",\"urlTemplate\":\"https:\\\/\\\/www.chaabacar.com\\\/fr\\\/?s={search_term_string}\"},\"query-input\":{\"@type\":\"PropertyValueSpecification\",\"valueRequired\":true,\"valueName\":\"search_term_string\"}}],\"inLanguage\":\"fr-FR\"},{\"@type\":\"Organization\",\"@id\":\"https:\\\/\\\/www.chaabacar.com\\\/fr\\\/#organization\",\"name\":\"Chaaba Car: Taxi Transport - Car Rental Services in Essaouira Morocco\",\"url\":\"https:\\\/\\\/www.chaabacar.com\\\/fr\\\/\",\"logo\":{\"@type\":\"ImageObject\",\"inLanguage\":\"fr-FR\",\"@id\":\"https:\\\/\\\/www.chaabacar.com\\\/fr\\\/#\\\/schema\\\/logo\\\/image\\\/\",\"url\":\"http:\\\/\\\/www.chaabacar.com\\\/wp-content\\\/uploads\\\/2019\\\/03\\\/Chaaba-Car-no-photo.jpg\",\"contentUrl\":\"http:\\\/\\\/www.chaabacar.com\\\/wp-content\\\/uploads\\\/2019\\\/03\\\/Chaaba-Car-no-photo.jpg\",\"width\":824,\"height\":624,\"caption\":\"Chaaba Car: Taxi Transport - Car Rental Services in Essaouira Morocco\"},\"image\":{\"@id\":\"https:\\\/\\\/www.chaabacar.com\\\/fr\\\/#\\\/schema\\\/logo\\\/image\\\/\"},\"sameAs\":[\"https:\\\/\\\/www.facebook.com\\\/Chaaba-Car-Essaouira-Morocco-218781498282057\\\/\",\"https:\\\/\\\/x.com\\\/ChaabaCar\",\"https:\\\/\\\/www.instagram.com\\\/chaabacar.essaouira.morocco\\\/\"]}]}<\/script>\n<!-- \/ Yoast SEO plugin. -->","yoast_head_json":{"title":"LOGAN - Chaaba Car","robots":{"index":"index","follow":"follow","max-snippet":"max-snippet:-1","max-image-preview":"max-image-preview:large","max-video-preview":"max-video-preview:-1"},"canonical":"https:\/\/www.chaabacar.com\/fr\/service\/logan\/","og_locale":"fr_FR","og_type":"article","og_title":"LOGAN - Chaaba Car","og_description":"S\u00e9lectionnez votre lieu de livraison et lieu de retour, Date et heure de prise en charge, ainsi que la date et l'heure de remise en bas ci-dessous. S\u00e9lectionnez \u00e9galement les ressources n\u00e9cessaires. Si vous avez des questions, n'h\u00e9sitez pas \u00e0 nous contacter.","og_url":"https:\/\/www.chaabacar.com\/fr\/service\/logan\/","og_site_name":"Chaaba Car","article_publisher":"https:\/\/www.facebook.com\/Chaaba-Car-Essaouira-Morocco-218781498282057\/","article_modified_time":"2026-02-25T09:46:11+00:00","og_image":[{"width":800,"height":600,"url":"https:\/\/www.chaabacar.com\/wp-content\/uploads\/2022\/02\/CCCR13-01.jpg","type":"image\/jpeg"}],"twitter_card":"summary_large_image","twitter_site":"@ChaabaCar","twitter_misc":{"Dur\u00e9e de lecture estim\u00e9e":"1 minute"},"schema":{"@context":"https:\/\/schema.org","@graph":[{"@type":"WebPage","@id":"https:\/\/www.chaabacar.com\/fr\/service\/logan\/","url":"https:\/\/www.chaabacar.com\/fr\/service\/logan\/","name":"LOGAN - Chaaba Car","isPartOf":{"@id":"https:\/\/www.chaabacar.com\/fr\/#website"},"primaryImageOfPage":{"@id":"https:\/\/www.chaabacar.com\/fr\/service\/logan\/#primaryimage"},"image":{"@id":"https:\/\/www.chaabacar.com\/fr\/service\/logan\/#primaryimage"},"thumbnailUrl":"https:\/\/www.chaabacar.com\/wp-content\/uploads\/2022\/02\/CCCR13-01.jpg","datePublished":"2022-02-23T09:38:35+00:00","dateModified":"2026-02-25T09:46:11+00:00","breadcrumb":{"@id":"https:\/\/www.chaabacar.com\/fr\/service\/logan\/#breadcrumb"},"inLanguage":"fr-FR","potentialAction":[{"@type":"ReadAction","target":["https:\/\/www.chaabacar.com\/fr\/service\/logan\/"]}]},{"@type":"ImageObject","inLanguage":"fr-FR","@id":"https:\/\/www.chaabacar.com\/fr\/service\/logan\/#primaryimage","url":"https:\/\/www.chaabacar.com\/wp-content\/uploads\/2022\/02\/CCCR13-01.jpg","contentUrl":"https:\/\/www.chaabacar.com\/wp-content\/uploads\/2022\/02\/CCCR13-01.jpg","width":800,"height":600,"caption":"Chaaba Car"},{"@type":"BreadcrumbList","@id":"https:\/\/www.chaabacar.com\/fr\/service\/logan\/#breadcrumb","itemListElement":[{"@type":"ListItem","position":1,"name":"Home","item":"https:\/\/www.chaabacar.com\/fr\/"},{"@type":"ListItem","position":2,"name":"Services","item":"https:\/\/www.chaabacar.com\/fr\/services\/"},{"@type":"ListItem","position":3,"name":"LOGAN"}]},{"@type":"WebSite","@id":"https:\/\/www.chaabacar.com\/fr\/#website","url":"https:\/\/www.chaabacar.com\/fr\/","name":"Chaaba Car","description":"Car Rental Services in Essaouira Morocco","publisher":{"@id":"https:\/\/www.chaabacar.com\/fr\/#organization"},"potentialAction":[{"@type":"SearchAction","target":{"@type":"EntryPoint","urlTemplate":"https:\/\/www.chaabacar.com\/fr\/?s={search_term_string}"},"query-input":{"@type":"PropertyValueSpecification","valueRequired":true,"valueName":"search_term_string"}}],"inLanguage":"fr-FR"},{"@type":"Organization","@id":"https:\/\/www.chaabacar.com\/fr\/#organization","name":"Chaaba Car: Taxi Transport - Car Rental Services in Essaouira Morocco","url":"https:\/\/www.chaabacar.com\/fr\/","logo":{"@type":"ImageObject","inLanguage":"fr-FR","@id":"https:\/\/www.chaabacar.com\/fr\/#\/schema\/logo\/image\/","url":"http:\/\/www.chaabacar.com\/wp-content\/uploads\/2019\/03\/Chaaba-Car-no-photo.jpg","contentUrl":"http:\/\/www.chaabacar.com\/wp-content\/uploads\/2019\/03\/Chaaba-Car-no-photo.jpg","width":824,"height":624,"caption":"Chaaba Car: Taxi Transport - Car Rental Services in Essaouira Morocco"},"image":{"@id":"https:\/\/www.chaabacar.com\/fr\/#\/schema\/logo\/image\/"},"sameAs":["https:\/\/www.facebook.com\/Chaaba-Car-Essaouira-Morocco-218781498282057\/","https:\/\/x.com\/ChaabaCar","https:\/\/www.instagram.com\/chaabacar.essaouira.morocco\/"]}]}},"_links":{"self":[{"href":"https:\/\/www.chaabacar.com\/fr\/wp-json\/wp\/v2\/product\/5244","targetHints":{"allow":["GET"]}}],"collection":[{"href":"https:\/\/www.chaabacar.com\/fr\/wp-json\/wp\/v2\/product"}],"about":[{"href":"https:\/\/www.chaabacar.com\/fr\/wp-json\/wp\/v2\/types\/product"}],"wp:featuredmedia":[{"embeddable":true,"href":"https:\/\/www.chaabacar.com\/fr\/wp-json\/wp\/v2\/media\/5227"}],"wp:attachment":[{"href":"https:\/\/www.chaabacar.com\/fr\/wp-json\/wp\/v2\/media?parent=5244"}],"wp:term":[{"taxonomy":"product_brand","embeddable":true,"href":"https:\/\/www.chaabacar.com\/fr\/wp-json\/wp\/v2\/product_brand?post=5244"},{"taxonomy":"product_cat","embeddable":true,"href":"https:\/\/www.chaabacar.com\/fr\/wp-json\/wp\/v2\/product_cat?post=5244"},{"taxonomy":"product_tag","embeddable":true,"href":"https:\/\/www.chaabacar.com\/fr\/wp-json\/wp\/v2\/product_tag?post=5244"}],"curies":[{"name":"wp","href":"https:\/\/api.w.org\/{rel}","templated":true}]}}