{"id":5342,"date":"2022-03-08T17:58:21","date_gmt":"2022-03-08T16:58:21","guid":{"rendered":"https:\/\/www.chaabacar.com\/service\/accent-automatic-2\/"},"modified":"2024-12-02T13:34:48","modified_gmt":"2024-12-02T12:34:48","slug":"accent-automatic-2","status":"publish","type":"product","link":"https:\/\/www.chaabacar.com\/fr\/service\/accent-automatic-2\/","title":{"rendered":"ACCENT AUTOMATIC"},"content":{"rendered":"","protected":false},"excerpt":{"rendered":"<p>Louez cette voiture \u00e0 partir de <strong>40,00 \u20ac par jour<\/strong>. S\u00e9lectionnez votre lieu de livraison et lieu de retour, Date et heure de prise en charge, ainsi que la date et l&rsquo;heure de remise en bas ci-dessous. S\u00e9lectionnez \u00e9galement les ressources n\u00e9cessaires. Si vous avez des questions, n&rsquo;h\u00e9sitez pas \u00e0 nous contacter.<\/p>\n","protected":false},"featured_media":5387,"template":"","meta":{"_exactmetrics_skip_tracking":false,"_exactmetrics_sitenote_active":false,"_exactmetrics_sitenote_note":"","_exactmetrics_sitenote_category":0,"_joinchat":[]},"product_brand":[],"product_cat":[175,181],"product_tag":[],"class_list":{"0":"post-5342","1":"product","2":"type-product","3":"status-publish","4":"has-post-thumbnail","6":"product_cat-location-de-voitures","7":"product_cat-sport-compact-fr","9":"first","10":"instock","11":"shipping-taxable","12":"purchasable","13":"product-type-redq_rental"},"yoast_head":"<!-- This site is optimized with the Yoast SEO plugin v27.3 - https:\/\/yoast.com\/product\/yoast-seo-wordpress\/ -->\n<title>ACCENT AUTOMATIC - Chaaba Car<\/title>\n<meta name=\"robots\" content=\"index, follow, max-snippet:-1, max-image-preview:large, max-video-preview:-1\" \/>\n<link rel=\"canonical\" href=\"https:\/\/www.chaabacar.com\/fr\/service\/accent-automatic-2\/\" \/>\n<meta property=\"og:locale\" content=\"fr_FR\" \/>\n<meta property=\"og:type\" content=\"article\" \/>\n<meta property=\"og:title\" content=\"ACCENT AUTOMATIC - Chaaba Car\" \/>\n<meta property=\"og:description\" content=\"Louez cette voiture \u00e0 partir de 40,00 \u20ac par jour. S\u00e9lectionnez votre lieu de livraison et lieu de retour, Date et heure de prise en charge, ainsi que la date et l&#039;heure de remise en bas ci-dessous. S\u00e9lectionnez \u00e9galement les ressources n\u00e9cessaires. Si vous avez des questions, n&#039;h\u00e9sitez pas \u00e0 nous contacter.\" \/>\n<meta property=\"og:url\" content=\"https:\/\/www.chaabacar.com\/fr\/service\/accent-automatic-2\/\" \/>\n<meta property=\"og:site_name\" content=\"Chaaba Car\" \/>\n<meta property=\"article:publisher\" content=\"https:\/\/www.facebook.com\/Chaaba-Car-Essaouira-Morocco-218781498282057\/\" \/>\n<meta property=\"article:modified_time\" content=\"2024-12-02T12:34:48+00:00\" \/>\n<meta property=\"og:image\" content=\"https:\/\/www.chaabacar.com\/wp-content\/uploads\/2022\/03\/CCCR24-01.jpg\" \/>\n\t<meta property=\"og:image:width\" content=\"800\" \/>\n\t<meta property=\"og:image:height\" content=\"600\" \/>\n\t<meta property=\"og:image:type\" content=\"image\/jpeg\" \/>\n<meta name=\"twitter:card\" content=\"summary_large_image\" \/>\n<meta name=\"twitter:site\" content=\"@ChaabaCar\" \/>\n<script type=\"application\/ld+json\" class=\"yoast-schema-graph\">{\"@context\":\"https:\\\/\\\/schema.org\",\"@graph\":[{\"@type\":\"WebPage\",\"@id\":\"https:\\\/\\\/www.chaabacar.com\\\/fr\\\/service\\\/accent-automatic-2\\\/\",\"url\":\"https:\\\/\\\/www.chaabacar.com\\\/fr\\\/service\\\/accent-automatic-2\\\/\",\"name\":\"ACCENT AUTOMATIC - Chaaba Car\",\"isPartOf\":{\"@id\":\"https:\\\/\\\/www.chaabacar.com\\\/fr\\\/#website\"},\"primaryImageOfPage\":{\"@id\":\"https:\\\/\\\/www.chaabacar.com\\\/fr\\\/service\\\/accent-automatic-2\\\/#primaryimage\"},\"image\":{\"@id\":\"https:\\\/\\\/www.chaabacar.com\\\/fr\\\/service\\\/accent-automatic-2\\\/#primaryimage\"},\"thumbnailUrl\":\"https:\\\/\\\/www.chaabacar.com\\\/wp-content\\\/uploads\\\/2022\\\/03\\\/CCCR24-01.jpg\",\"datePublished\":\"2022-03-08T16:58:21+00:00\",\"dateModified\":\"2024-12-02T12:34:48+00:00\",\"breadcrumb\":{\"@id\":\"https:\\\/\\\/www.chaabacar.com\\\/fr\\\/service\\\/accent-automatic-2\\\/#breadcrumb\"},\"inLanguage\":\"fr-FR\",\"potentialAction\":[{\"@type\":\"ReadAction\",\"target\":[\"https:\\\/\\\/www.chaabacar.com\\\/fr\\\/service\\\/accent-automatic-2\\\/\"]}]},{\"@type\":\"ImageObject\",\"inLanguage\":\"fr-FR\",\"@id\":\"https:\\\/\\\/www.chaabacar.com\\\/fr\\\/service\\\/accent-automatic-2\\\/#primaryimage\",\"url\":\"https:\\\/\\\/www.chaabacar.com\\\/wp-content\\\/uploads\\\/2022\\\/03\\\/CCCR24-01.jpg\",\"contentUrl\":\"https:\\\/\\\/www.chaabacar.com\\\/wp-content\\\/uploads\\\/2022\\\/03\\\/CCCR24-01.jpg\",\"width\":800,\"height\":600,\"caption\":\"Chaaba Car\"},{\"@type\":\"BreadcrumbList\",\"@id\":\"https:\\\/\\\/www.chaabacar.com\\\/fr\\\/service\\\/accent-automatic-2\\\/#breadcrumb\",\"itemListElement\":[{\"@type\":\"ListItem\",\"position\":1,\"name\":\"Home\",\"item\":\"https:\\\/\\\/www.chaabacar.com\\\/fr\\\/\"},{\"@type\":\"ListItem\",\"position\":2,\"name\":\"Services\",\"item\":\"https:\\\/\\\/www.chaabacar.com\\\/fr\\\/services\\\/\"},{\"@type\":\"ListItem\",\"position\":3,\"name\":\"ACCENT AUTOMATIC\"}]},{\"@type\":\"WebSite\",\"@id\":\"https:\\\/\\\/www.chaabacar.com\\\/fr\\\/#website\",\"url\":\"https:\\\/\\\/www.chaabacar.com\\\/fr\\\/\",\"name\":\"Chaaba Car\",\"description\":\"Car Rental Services in Essaouira Morocco\",\"publisher\":{\"@id\":\"https:\\\/\\\/www.chaabacar.com\\\/fr\\\/#organization\"},\"potentialAction\":[{\"@type\":\"SearchAction\",\"target\":{\"@type\":\"EntryPoint\",\"urlTemplate\":\"https:\\\/\\\/www.chaabacar.com\\\/fr\\\/?s={search_term_string}\"},\"query-input\":{\"@type\":\"PropertyValueSpecification\",\"valueRequired\":true,\"valueName\":\"search_term_string\"}}],\"inLanguage\":\"fr-FR\"},{\"@type\":\"Organization\",\"@id\":\"https:\\\/\\\/www.chaabacar.com\\\/fr\\\/#organization\",\"name\":\"Chaaba Car: Taxi Transport - Car Rental Services in Essaouira Morocco\",\"url\":\"https:\\\/\\\/www.chaabacar.com\\\/fr\\\/\",\"logo\":{\"@type\":\"ImageObject\",\"inLanguage\":\"fr-FR\",\"@id\":\"https:\\\/\\\/www.chaabacar.com\\\/fr\\\/#\\\/schema\\\/logo\\\/image\\\/\",\"url\":\"http:\\\/\\\/www.chaabacar.com\\\/wp-content\\\/uploads\\\/2019\\\/03\\\/Chaaba-Car-no-photo.jpg\",\"contentUrl\":\"http:\\\/\\\/www.chaabacar.com\\\/wp-content\\\/uploads\\\/2019\\\/03\\\/Chaaba-Car-no-photo.jpg\",\"width\":824,\"height\":624,\"caption\":\"Chaaba Car: Taxi Transport - Car Rental Services in Essaouira Morocco\"},\"image\":{\"@id\":\"https:\\\/\\\/www.chaabacar.com\\\/fr\\\/#\\\/schema\\\/logo\\\/image\\\/\"},\"sameAs\":[\"https:\\\/\\\/www.facebook.com\\\/Chaaba-Car-Essaouira-Morocco-218781498282057\\\/\",\"https:\\\/\\\/x.com\\\/ChaabaCar\",\"https:\\\/\\\/www.instagram.com\\\/chaabacar.essaouira.morocco\\\/\"]}]}<\/script>\n<!-- \/ Yoast SEO plugin. -->","yoast_head_json":{"title":"ACCENT AUTOMATIC - Chaaba Car","robots":{"index":"index","follow":"follow","max-snippet":"max-snippet:-1","max-image-preview":"max-image-preview:large","max-video-preview":"max-video-preview:-1"},"canonical":"https:\/\/www.chaabacar.com\/fr\/service\/accent-automatic-2\/","og_locale":"fr_FR","og_type":"article","og_title":"ACCENT AUTOMATIC - Chaaba Car","og_description":"Louez cette voiture \u00e0 partir de 40,00 \u20ac par jour. S\u00e9lectionnez votre lieu de livraison et lieu de retour, Date et heure de prise en charge, ainsi que la date et l'heure de remise en bas ci-dessous. S\u00e9lectionnez \u00e9galement les ressources n\u00e9cessaires. Si vous avez des questions, n'h\u00e9sitez pas \u00e0 nous contacter.","og_url":"https:\/\/www.chaabacar.com\/fr\/service\/accent-automatic-2\/","og_site_name":"Chaaba Car","article_publisher":"https:\/\/www.facebook.com\/Chaaba-Car-Essaouira-Morocco-218781498282057\/","article_modified_time":"2024-12-02T12:34:48+00:00","og_image":[{"width":800,"height":600,"url":"https:\/\/www.chaabacar.com\/wp-content\/uploads\/2022\/03\/CCCR24-01.jpg","type":"image\/jpeg"}],"twitter_card":"summary_large_image","twitter_site":"@ChaabaCar","schema":{"@context":"https:\/\/schema.org","@graph":[{"@type":"WebPage","@id":"https:\/\/www.chaabacar.com\/fr\/service\/accent-automatic-2\/","url":"https:\/\/www.chaabacar.com\/fr\/service\/accent-automatic-2\/","name":"ACCENT AUTOMATIC - Chaaba Car","isPartOf":{"@id":"https:\/\/www.chaabacar.com\/fr\/#website"},"primaryImageOfPage":{"@id":"https:\/\/www.chaabacar.com\/fr\/service\/accent-automatic-2\/#primaryimage"},"image":{"@id":"https:\/\/www.chaabacar.com\/fr\/service\/accent-automatic-2\/#primaryimage"},"thumbnailUrl":"https:\/\/www.chaabacar.com\/wp-content\/uploads\/2022\/03\/CCCR24-01.jpg","datePublished":"2022-03-08T16:58:21+00:00","dateModified":"2024-12-02T12:34:48+00:00","breadcrumb":{"@id":"https:\/\/www.chaabacar.com\/fr\/service\/accent-automatic-2\/#breadcrumb"},"inLanguage":"fr-FR","potentialAction":[{"@type":"ReadAction","target":["https:\/\/www.chaabacar.com\/fr\/service\/accent-automatic-2\/"]}]},{"@type":"ImageObject","inLanguage":"fr-FR","@id":"https:\/\/www.chaabacar.com\/fr\/service\/accent-automatic-2\/#primaryimage","url":"https:\/\/www.chaabacar.com\/wp-content\/uploads\/2022\/03\/CCCR24-01.jpg","contentUrl":"https:\/\/www.chaabacar.com\/wp-content\/uploads\/2022\/03\/CCCR24-01.jpg","width":800,"height":600,"caption":"Chaaba Car"},{"@type":"BreadcrumbList","@id":"https:\/\/www.chaabacar.com\/fr\/service\/accent-automatic-2\/#breadcrumb","itemListElement":[{"@type":"ListItem","position":1,"name":"Home","item":"https:\/\/www.chaabacar.com\/fr\/"},{"@type":"ListItem","position":2,"name":"Services","item":"https:\/\/www.chaabacar.com\/fr\/services\/"},{"@type":"ListItem","position":3,"name":"ACCENT AUTOMATIC"}]},{"@type":"WebSite","@id":"https:\/\/www.chaabacar.com\/fr\/#website","url":"https:\/\/www.chaabacar.com\/fr\/","name":"Chaaba Car","description":"Car Rental Services in Essaouira Morocco","publisher":{"@id":"https:\/\/www.chaabacar.com\/fr\/#organization"},"potentialAction":[{"@type":"SearchAction","target":{"@type":"EntryPoint","urlTemplate":"https:\/\/www.chaabacar.com\/fr\/?s={search_term_string}"},"query-input":{"@type":"PropertyValueSpecification","valueRequired":true,"valueName":"search_term_string"}}],"inLanguage":"fr-FR"},{"@type":"Organization","@id":"https:\/\/www.chaabacar.com\/fr\/#organization","name":"Chaaba Car: Taxi Transport - Car Rental Services in Essaouira Morocco","url":"https:\/\/www.chaabacar.com\/fr\/","logo":{"@type":"ImageObject","inLanguage":"fr-FR","@id":"https:\/\/www.chaabacar.com\/fr\/#\/schema\/logo\/image\/","url":"http:\/\/www.chaabacar.com\/wp-content\/uploads\/2019\/03\/Chaaba-Car-no-photo.jpg","contentUrl":"http:\/\/www.chaabacar.com\/wp-content\/uploads\/2019\/03\/Chaaba-Car-no-photo.jpg","width":824,"height":624,"caption":"Chaaba Car: Taxi Transport - Car Rental Services in Essaouira Morocco"},"image":{"@id":"https:\/\/www.chaabacar.com\/fr\/#\/schema\/logo\/image\/"},"sameAs":["https:\/\/www.facebook.com\/Chaaba-Car-Essaouira-Morocco-218781498282057\/","https:\/\/x.com\/ChaabaCar","https:\/\/www.instagram.com\/chaabacar.essaouira.morocco\/"]}]}},"_links":{"self":[{"href":"https:\/\/www.chaabacar.com\/fr\/wp-json\/wp\/v2\/product\/5342","targetHints":{"allow":["GET"]}}],"collection":[{"href":"https:\/\/www.chaabacar.com\/fr\/wp-json\/wp\/v2\/product"}],"about":[{"href":"https:\/\/www.chaabacar.com\/fr\/wp-json\/wp\/v2\/types\/product"}],"wp:featuredmedia":[{"embeddable":true,"href":"https:\/\/www.chaabacar.com\/fr\/wp-json\/wp\/v2\/media\/5387"}],"wp:attachment":[{"href":"https:\/\/www.chaabacar.com\/fr\/wp-json\/wp\/v2\/media?parent=5342"}],"wp:term":[{"taxonomy":"product_brand","embeddable":true,"href":"https:\/\/www.chaabacar.com\/fr\/wp-json\/wp\/v2\/product_brand?post=5342"},{"taxonomy":"product_cat","embeddable":true,"href":"https:\/\/www.chaabacar.com\/fr\/wp-json\/wp\/v2\/product_cat?post=5342"},{"taxonomy":"product_tag","embeddable":true,"href":"https:\/\/www.chaabacar.com\/fr\/wp-json\/wp\/v2\/product_tag?post=5342"}],"curies":[{"name":"wp","href":"https:\/\/api.w.org\/{rel}","templated":true}]}}